{"id":833,"date":"2025-02-22T17:03:03","date_gmt":"2025-02-22T16:03:03","guid":{"rendered":"https:\/\/moustanir.com\/index.php\/videos\/"},"modified":"2025-03-19T15:05:57","modified_gmt":"2025-03-19T14:05:57","slug":"realisations","status":"publish","type":"page","link":"https:\/\/moustanir.com\/fr\/realisations\/","title":{"rendered":"R\u00e9alisations"},"content":{"rendered":"\t\t<div data-elementor-type=\"wp-page\" data-elementor-id=\"833\" class=\"elementor elementor-833\">\n\t\t\t\t<div class=\"elementor-element elementor-element-5ed01a6 e-flex e-con-boxed e-con e-parent\" data-id=\"5ed01a6\" data-element_type=\"container\" data-e-type=\"container\" data-settings=\"{&quot;background_background&quot;:&quot;classic&quot;}\">\n\t\t\t\t\t<div class=\"e-con-inner\">\n\t\t<div class=\"elementor-element elementor-element-02fd1a0 e-con-full e-flex e-con e-child\" data-id=\"02fd1a0\" data-element_type=\"container\" data-e-type=\"container\">\n\t\t\t\t<div class=\"elementor-element elementor-element-fbe6674 elementor-widget-divider--view-line elementor-widget elementor-widget-divider\" data-id=\"fbe6674\" data-element_type=\"widget\" data-e-type=\"widget\" data-widget_type=\"divider.default\">\n\t\t\t\t<div class=\"elementor-widget-container\">\n\t\t\t\t\t\t\t<div class=\"elementor-divider\">\n\t\t\t<span class=\"elementor-divider-separator\">\n\t\t\t\t\t\t<\/span>\n\t\t<\/div>\n\t\t\t\t\t\t<\/div>\n\t\t\t\t<\/div>\n\t\t\t\t<div class=\"elementor-element elementor-element-1aa3f3c elementor-widget elementor-widget-heading\" data-id=\"1aa3f3c\" data-element_type=\"widget\" data-e-type=\"widget\" data-widget_type=\"heading.default\">\n\t\t\t\t<div class=\"elementor-widget-container\">\n\t\t\t\t\t<h1 class=\"elementor-heading-title elementor-size-default\">Videos<\/h1>\t\t\t\t<\/div>\n\t\t\t\t<\/div>\n\t\t\t\t<div class=\"elementor-element elementor-element-da56aa7 elementor-widget elementor-widget-text-editor\" data-id=\"da56aa7\" data-element_type=\"widget\" data-e-type=\"widget\" data-widget_type=\"text-editor.default\">\n\t\t\t\t<div class=\"elementor-widget-container\">\n\t\t\t\t\t\t\t\t\t<p>Chaque projet est unique. D\u00e9couvrez quelques-unes de mes r\u00e9alisations et trouvez l\u2019offre adapt\u00e9e \u00e0 vos besoins.<\/p>\t\t\t\t\t\t\t\t<\/div>\n\t\t\t\t<\/div>\n\t\t\t\t<\/div>\n\t\t<div class=\"elementor-element elementor-element-05876f8 e-con-full e-flex e-con e-child\" data-id=\"05876f8\" data-element_type=\"container\" data-e-type=\"container\">\n\t\t\t\t<div class=\"elementor-element elementor-element-95885a9 elementor-widget elementor-widget-image\" data-id=\"95885a9\" data-element_type=\"widget\" data-e-type=\"widget\" data-widget_type=\"image.default\">\n\t\t\t\t<div class=\"elementor-widget-container\">\n\t\t\t\t\t\t\t\t\t\t\t\t\t\t\t<img fetchpriority=\"high\" decoding=\"async\" width=\"3447\" height=\"2000\" src=\"https:\/\/moustanir.com\/wp-content\/uploads\/2025\/02\/Logo_MoonStars_Perso_NoBG.png\" class=\"attachment-full size-full wp-image-1944\" alt=\"\" srcset=\"https:\/\/moustanir.com\/wp-content\/uploads\/2025\/02\/Logo_MoonStars_Perso_NoBG.png 3447w, https:\/\/moustanir.com\/wp-content\/uploads\/2025\/02\/Logo_MoonStars_Perso_NoBG-300x174.png 300w, https:\/\/moustanir.com\/wp-content\/uploads\/2025\/02\/Logo_MoonStars_Perso_NoBG-1024x594.png 1024w, https:\/\/moustanir.com\/wp-content\/uploads\/2025\/02\/Logo_MoonStars_Perso_NoBG-768x446.png 768w, https:\/\/moustanir.com\/wp-content\/uploads\/2025\/02\/Logo_MoonStars_Perso_NoBG-1536x891.png 1536w, https:\/\/moustanir.com\/wp-content\/uploads\/2025\/02\/Logo_MoonStars_Perso_NoBG-2048x1188.png 2048w, https:\/\/moustanir.com\/wp-content\/uploads\/2025\/02\/Logo_MoonStars_Perso_NoBG-1320x766.png 1320w, https:\/\/moustanir.com\/wp-content\/uploads\/2025\/02\/Logo_MoonStars_Perso_NoBG-600x348.png 600w\" sizes=\"(max-width: 3447px) 100vw, 3447px\" \/>\t\t\t\t\t\t\t\t\t\t\t\t\t\t\t<\/div>\n\t\t\t\t<\/div>\n\t\t\t\t<div class=\"elementor-element elementor-element-198432c elementor-widget elementor-widget-button\" data-id=\"198432c\" data-element_type=\"widget\" data-e-type=\"widget\" data-widget_type=\"button.default\">\n\t\t\t\t<div class=\"elementor-widget-container\">\n\t\t\t\t\t\t\t\t\t<div class=\"elementor-button-wrapper\">\n\t\t\t\t\t<a class=\"elementor-button elementor-button-link elementor-size-sm\" href=\"https:\/\/moonstars.yt\/\" target=\"_blank\" rel=\"noopener\">\n\t\t\t\t\t\t<span class=\"elementor-button-content-wrapper\">\n\t\t\t\t\t\t\t\t\t<span class=\"elementor-button-text\">decouvrez moonstars production<\/span>\n\t\t\t\t\t<\/span>\n\t\t\t\t\t<\/a>\n\t\t\t\t<\/div>\n\t\t\t\t\t\t\t\t<\/div>\n\t\t\t\t<\/div>\n\t\t\t\t<\/div>\n\t\t\t\t\t<\/div>\n\t\t\t\t<\/div>\n\t\t<div class=\"elementor-element elementor-element-08460a3 e-flex e-con-boxed e-con e-parent\" data-id=\"08460a3\" data-element_type=\"container\" data-e-type=\"container\">\n\t\t\t\t\t<div class=\"e-con-inner\">\n\t\t<div class=\"elementor-element elementor-element-d2e0388 e-con-full e-flex e-con e-child\" data-id=\"d2e0388\" data-element_type=\"container\" data-e-type=\"container\">\n\t\t<div class=\"elementor-element elementor-element-dfcc7e0 e-con-full e-flex e-con e-child\" data-id=\"dfcc7e0\" data-element_type=\"container\" data-e-type=\"container\">\n\t\t<div class=\"elementor-element elementor-element-f9a3d9e e-con-full e-flex e-con e-child\" data-id=\"f9a3d9e\" data-element_type=\"container\" data-e-type=\"container\">\n\t\t\t\t<div class=\"elementor-element elementor-element-8f4b0d5 elementor-widget elementor-widget-video\" data-id=\"8f4b0d5\" data-element_type=\"widget\" data-e-type=\"widget\" data-settings=\"{&quot;youtube_url&quot;:&quot;https:\\\/\\\/youtu.be\\\/of9ZZyyWRw0&quot;,&quot;video_type&quot;:&quot;youtube&quot;,&quot;controls&quot;:&quot;yes&quot;}\" data-widget_type=\"video.default\">\n\t\t\t\t<div class=\"elementor-widget-container\">\n\t\t\t\t\t\t\t<div class=\"elementor-wrapper elementor-open-inline\">\n\t\t\t<div class=\"elementor-video\"><\/div>\t\t<\/div>\n\t\t\t\t\t\t<\/div>\n\t\t\t\t<\/div>\n\t\t\t\t<div class=\"elementor-element elementor-element-f3ae150 elementor-widget elementor-widget-heading\" data-id=\"f3ae150\" data-element_type=\"widget\" data-e-type=\"widget\" data-widget_type=\"heading.default\">\n\t\t\t\t<div class=\"elementor-widget-container\">\n\t\t\t\t\t<h3 class=\"elementor-heading-title elementor-size-default\">BA Journ\u00e9e Sp\u00e9ciale ZILY - Mayotte La 1\u00e8re<\/h3>\t\t\t\t<\/div>\n\t\t\t\t<\/div>\n\t\t\t\t<div class=\"elementor-element elementor-element-5fb5e24 elementor-widget elementor-widget-text-editor\" data-id=\"5fb5e24\" data-element_type=\"widget\" data-e-type=\"widget\" data-widget_type=\"text-editor.default\">\n\t\t\t\t<div class=\"elementor-widget-container\">\n\t\t\t\t\t\t\t\t\t<p>Bande-annonce r\u00e9alis\u00e9e par <strong data-start=\"126\" data-end=\"151\">MoonStars Productions<\/strong> pour Mayotte La 1\u00e8re, mettant \u00e0 l&rsquo;honneur <strong data-start=\"194\" data-end=\"202\" data-is-only-node=\"\">Zily<\/strong>, artiste mahoraise \u00e0 la renomm\u00e9e internationale. Un hommage \u00e0 son parcours et \u00e0 son univers musical, entre traditions et modernit\u00e9<\/p>\t\t\t\t\t\t\t\t<\/div>\n\t\t\t\t<\/div>\n\t\t\t\t<\/div>\n\t\t<div class=\"elementor-element elementor-element-ba7d362 e-con-full e-flex e-con e-child\" data-id=\"ba7d362\" data-element_type=\"container\" data-e-type=\"container\">\n\t\t\t\t<div class=\"elementor-element elementor-element-5623fb6 elementor-widget elementor-widget-video\" data-id=\"5623fb6\" data-element_type=\"widget\" data-e-type=\"widget\" data-settings=\"{&quot;youtube_url&quot;:&quot;https:\\\/\\\/youtu.be\\\/dw0pUnPDRP8&quot;,&quot;video_type&quot;:&quot;youtube&quot;,&quot;controls&quot;:&quot;yes&quot;}\" data-widget_type=\"video.default\">\n\t\t\t\t<div class=\"elementor-widget-container\">\n\t\t\t\t\t\t\t<div class=\"elementor-wrapper elementor-open-inline\">\n\t\t\t<div class=\"elementor-video\"><\/div>\t\t<\/div>\n\t\t\t\t\t\t<\/div>\n\t\t\t\t<\/div>\n\t\t\t\t<div class=\"elementor-element elementor-element-85cb92d elementor-widget elementor-widget-heading\" data-id=\"85cb92d\" data-element_type=\"widget\" data-e-type=\"widget\" data-widget_type=\"heading.default\">\n\t\t\t\t<div class=\"elementor-widget-container\">\n\t\t\t\t\t<h3 class=\"elementor-heading-title elementor-size-default\">Fest\u2019\u00celes 2014 - Hass Mosa en Live - Comores<\/h3>\t\t\t\t<\/div>\n\t\t\t\t<\/div>\n\t\t\t\t<div class=\"elementor-element elementor-element-cd135e3 elementor-widget elementor-widget-text-editor\" data-id=\"cd135e3\" data-element_type=\"widget\" data-e-type=\"widget\" data-widget_type=\"text-editor.default\">\n\t\t\t\t<div class=\"elementor-widget-container\">\n\t\t\t\t\t\t\t\t\t<p class=\"p1\"><b>Vid\u00e9o r\u00e9alis\u00e9e pour le<\/b> <b>Fest\u2019\u00celes 2014<\/b><span class=\"s1\">, un festival <\/span><b>embl\u00e9matique<\/b><span class=\"s1\"> c\u00e9l\u00e9brant la <\/span><b>musique<\/b><span class=\"s1\"> et la <\/span><b>culture<\/b><span class=\"s1\"> des <\/span><b>Comores<\/b><span class=\"s1\">. Une captation <\/span><b>immersive<\/b><span class=\"s1\"> et <\/span><b>authentique<\/b><span class=\"s1\">, mettant en lumi\u00e8re la performance <\/span><b>vibrante<\/b><span class=\"s1\"> de <\/span><b>Hass Mosa<\/b><span class=\"s1\">, figure du <\/span><b>reggae tribal<\/b><span class=\"s1\">.<\/span><\/p>\t\t\t\t\t\t\t\t<\/div>\n\t\t\t\t<\/div>\n\t\t\t\t<\/div>\n\t\t\t\t<\/div>\n\t\t<div class=\"elementor-element elementor-element-313398f e-con-full e-flex e-con e-child\" data-id=\"313398f\" data-element_type=\"container\" data-e-type=\"container\">\n\t\t<div class=\"elementor-element elementor-element-533ed15 e-con-full e-flex e-con e-child\" data-id=\"533ed15\" data-element_type=\"container\" data-e-type=\"container\">\n\t\t\t\t<div class=\"elementor-element elementor-element-3c0214b elementor-widget elementor-widget-video\" data-id=\"3c0214b\" data-element_type=\"widget\" data-e-type=\"widget\" data-settings=\"{&quot;youtube_url&quot;:&quot;https:\\\/\\\/youtu.be\\\/LdIk4i15c_U&quot;,&quot;video_type&quot;:&quot;youtube&quot;,&quot;controls&quot;:&quot;yes&quot;}\" data-widget_type=\"video.default\">\n\t\t\t\t<div class=\"elementor-widget-container\">\n\t\t\t\t\t\t\t<div class=\"elementor-wrapper elementor-open-inline\">\n\t\t\t<div class=\"elementor-video\"><\/div>\t\t<\/div>\n\t\t\t\t\t\t<\/div>\n\t\t\t\t<\/div>\n\t\t\t\t<div class=\"elementor-element elementor-element-f527a48 elementor-widget elementor-widget-heading\" data-id=\"f527a48\" data-element_type=\"widget\" data-e-type=\"widget\" data-widget_type=\"heading.default\">\n\t\t\t\t<div class=\"elementor-widget-container\">\n\t\t\t\t\t<h3 class=\"elementor-heading-title elementor-size-default\">Reportage Aeroclub Jean Bertin - INA<\/h3>\t\t\t\t<\/div>\n\t\t\t\t<\/div>\n\t\t\t\t<div class=\"elementor-element elementor-element-efa0490 elementor-widget elementor-widget-text-editor\" data-id=\"efa0490\" data-element_type=\"widget\" data-e-type=\"widget\" data-widget_type=\"text-editor.default\">\n\t\t\t\t<div class=\"elementor-widget-container\">\n\t\t\t\t\t\t\t\t\t<p class=\"p1\">Reportage r\u00e9alis\u00e9 par <span class=\"s1\"><b>MoonStars Productions<\/b><\/span>, en collaboration avec <span class=\"s1\"><b>l\u2019Institut National de l\u2019Audiovisuel (INA France)<\/b><\/span>, pour une immersion dans l\u2019aviation. Aux c\u00f4t\u00e9s de <span class=\"s1\"><b>Jean-Paul Mathien<\/b><\/span>, pilote instructeur, d\u00e9couvrez les bases du pilotage lors d\u2019un vol d\u2019essai captivant.<\/p><p class=\"p2\">\u00a0<\/p>\t\t\t\t\t\t\t\t<\/div>\n\t\t\t\t<\/div>\n\t\t\t\t<\/div>\n\t\t<div class=\"elementor-element elementor-element-c10653b e-con-full e-flex e-con e-child\" data-id=\"c10653b\" data-element_type=\"container\" data-e-type=\"container\">\n\t\t\t\t<div class=\"elementor-element elementor-element-5f5a90e elementor-widget elementor-widget-video\" data-id=\"5f5a90e\" data-element_type=\"widget\" data-e-type=\"widget\" data-settings=\"{&quot;youtube_url&quot;:&quot;https:\\\/\\\/youtu.be\\\/XVH_EYfwM1c&quot;,&quot;video_type&quot;:&quot;youtube&quot;,&quot;controls&quot;:&quot;yes&quot;}\" data-widget_type=\"video.default\">\n\t\t\t\t<div class=\"elementor-widget-container\">\n\t\t\t\t\t\t\t<div class=\"elementor-wrapper elementor-open-inline\">\n\t\t\t<div class=\"elementor-video\"><\/div>\t\t<\/div>\n\t\t\t\t\t\t<\/div>\n\t\t\t\t<\/div>\n\t\t\t\t<div class=\"elementor-element elementor-element-3386ab5 elementor-widget elementor-widget-heading\" data-id=\"3386ab5\" data-element_type=\"widget\" data-e-type=\"widget\" data-widget_type=\"heading.default\">\n\t\t\t\t<div class=\"elementor-widget-container\">\n\t\t\t\t\t<h3 class=\"elementor-heading-title elementor-size-default\">Karibu Boueni Hatru 2D - CUFR Demb\u00e9ni<\/h3>\t\t\t\t<\/div>\n\t\t\t\t<\/div>\n\t\t\t\t<div class=\"elementor-element elementor-element-64ab941 elementor-widget elementor-widget-text-editor\" data-id=\"64ab941\" data-element_type=\"widget\" data-e-type=\"widget\" data-widget_type=\"text-editor.default\">\n\t\t\t\t<div class=\"elementor-widget-container\">\n\t\t\t\t\t\t\t\t\t<p class=\"p1\"><span class=\"s1\"><b>Animation 2D r\u00e9alis\u00e9e par MoonStars Productions<\/b><\/span> en collaboration avec le <span class=\"s1\"><b>CUFR de Demb\u00e9ni<\/b><\/span>. Un projet o\u00f9 des \u00e9l\u00e8ves ont dessin\u00e9 personnages et d\u00e9cors sur papier, avant d\u2019\u00eatre anim\u00e9s en 2D. Une immersion entre tradition et apprentissage, sublim\u00e9e par une animation fluide et cr\u00e9ative.<\/p>\t\t\t\t\t\t\t\t<\/div>\n\t\t\t\t<\/div>\n\t\t\t\t<\/div>\n\t\t\t\t<\/div>\n\t\t<div class=\"elementor-element elementor-element-956ca98 e-con-full e-flex e-con e-child\" data-id=\"956ca98\" data-element_type=\"container\" data-e-type=\"container\">\n\t\t\t\t<div class=\"elementor-element elementor-element-6ad0ff6 elementor-align-center elementor-widget elementor-widget-button\" data-id=\"6ad0ff6\" data-element_type=\"widget\" data-e-type=\"widget\" data-widget_type=\"button.default\">\n\t\t\t\t<div class=\"elementor-widget-container\">\n\t\t\t\t\t\t\t\t\t<div class=\"elementor-button-wrapper\">\n\t\t\t\t\t<a class=\"elementor-button elementor-button-link elementor-size-sm\" href=\"https:\/\/moustanir.com\/contact\/\">\n\t\t\t\t\t\t<span class=\"elementor-button-content-wrapper\">\n\t\t\t\t\t\t\t\t\t<span class=\"elementor-button-text\">travaillons ensemble<\/span>\n\t\t\t\t\t<\/span>\n\t\t\t\t\t<\/a>\n\t\t\t\t<\/div>\n\t\t\t\t\t\t\t\t<\/div>\n\t\t\t\t<\/div>\n\t\t\t\t<\/div>\n\t\t\t\t<\/div>\n\t\t\t\t\t<\/div>\n\t\t\t\t<\/div>\n\t\t\t\t<\/div>\n\t\t","protected":false},"excerpt":{"rendered":"<p>Videos Chaque projet est unique. D\u00e9couvrez quelques-unes de mes r\u00e9alisations et trouvez l\u2019offre adapt\u00e9e \u00e0 vos besoins. decouvrez moonstars production BA Journ\u00e9e Sp\u00e9ciale ZILY &#8211; Mayotte La 1\u00e8re Bande-annonce r\u00e9alis\u00e9e par MoonStars Productions pour Mayotte La 1\u00e8re, mettant \u00e0 l&rsquo;honneur Zily, artiste mahoraise \u00e0 la renomm\u00e9e internationale. Un hommage \u00e0 son parcours et \u00e0 son [&hellip;]<\/p>\n","protected":false},"author":2,"featured_media":0,"parent":0,"menu_order":0,"comment_status":"closed","ping_status":"closed","template":"","meta":{"inline_featured_image":false,"site-sidebar-layout":"no-sidebar","site-content-layout":"page-builder","ast-site-content-layout":"","site-content-style":"default","site-sidebar-style":"default","ast-global-header-display":"","ast-banner-title-visibility":"","ast-main-header-display":"","ast-hfb-above-header-display":"","ast-hfb-below-header-display":"","ast-hfb-mobile-header-display":"","site-post-title":"disabled","ast-breadcrumbs-content":"disabled","ast-featured-img":"disabled","footer-sml-layout":"","theme-transparent-header-meta":"enabled","adv-header-id-meta":"","stick-header-meta":"","header-above-stick-meta":"","header-main-stick-meta":"","header-below-stick-meta":"","astra-migrate-meta-layouts":"default","ast-page-background-enabled":"default","ast-page-background-meta":{"desktop":{"background-color":"","background-image":"","background-repeat":"repeat","background-position":"center center","background-size":"auto","background-attachment":"scroll","background-type":"","background-media":"","overlay-type":"","overlay-color":"","overlay-opacity":"","overlay-gradient":""},"tablet":{"background-color":"","background-image":"","background-repeat":"repeat","background-position":"center center","background-size":"auto","background-attachment":"scroll","background-type":"","background-media":"","overlay-type":"","overlay-color":"","overlay-opacity":"","overlay-gradient":""},"mobile":{"background-color":"","background-image":"","background-repeat":"repeat","background-position":"center center","background-size":"auto","background-attachment":"scroll","background-type":"","background-media":"","overlay-type":"","overlay-color":"","overlay-opacity":"","overlay-gradient":""}},"ast-content-background-meta":{"desktop":{"background-color":"var(--ast-global-color-5)","background-image":"","background-repeat":"repeat","background-position":"center center","background-size":"auto","background-attachment":"scroll","background-type":"","background-media":"","overlay-type":"","overlay-color":"","overlay-opacity":"","overlay-gradient":""},"tablet":{"background-color":"var(--ast-global-color-5)","background-image":"","background-repeat":"repeat","background-position":"center center","background-size":"auto","background-attachment":"scroll","background-type":"","background-media":"","overlay-type":"","overlay-color":"","overlay-opacity":"","overlay-gradient":""},"mobile":{"background-color":"var(--ast-global-color-5)","background-image":"","background-repeat":"repeat","background-position":"center center","background-size":"auto","background-attachment":"scroll","background-type":"","background-media":"","overlay-type":"","overlay-color":"","overlay-opacity":"","overlay-gradient":""}},"ngg_post_thumbnail":0,"footnotes":""},"class_list":["post-833","page","type-page","status-publish","hentry"],"_links":{"self":[{"href":"https:\/\/moustanir.com\/fr\/wp-json\/wp\/v2\/pages\/833","targetHints":{"allow":["GET"]}}],"collection":[{"href":"https:\/\/moustanir.com\/fr\/wp-json\/wp\/v2\/pages"}],"about":[{"href":"https:\/\/moustanir.com\/fr\/wp-json\/wp\/v2\/types\/page"}],"author":[{"embeddable":true,"href":"https:\/\/moustanir.com\/fr\/wp-json\/wp\/v2\/users\/2"}],"replies":[{"embeddable":true,"href":"https:\/\/moustanir.com\/fr\/wp-json\/wp\/v2\/comments?post=833"}],"version-history":[{"count":28,"href":"https:\/\/moustanir.com\/fr\/wp-json\/wp\/v2\/pages\/833\/revisions"}],"predecessor-version":[{"id":2508,"href":"https:\/\/moustanir.com\/fr\/wp-json\/wp\/v2\/pages\/833\/revisions\/2508"}],"wp:attachment":[{"href":"https:\/\/moustanir.com\/fr\/wp-json\/wp\/v2\/media?parent=833"}],"curies":[{"name":"wp","href":"https:\/\/api.w.org\/{rel}","templated":true}]}}