{"id":904,"date":"2025-02-22T17:03:03","date_gmt":"2025-02-22T16:03:03","guid":{"rendered":"https:\/\/moustanir.com\/index.php\/contact\/"},"modified":"2025-03-19T09:56:39","modified_gmt":"2025-03-19T08:56:39","slug":"contact","status":"publish","type":"page","link":"https:\/\/moustanir.com\/fr\/contact\/","title":{"rendered":"Contact"},"content":{"rendered":"\t\t<div data-elementor-type=\"wp-page\" data-elementor-id=\"904\" class=\"elementor elementor-904\">\n\t\t\t\t<div class=\"elementor-element elementor-element-6f79c9a e-flex e-con-boxed e-con e-parent\" data-id=\"6f79c9a\" data-element_type=\"container\" data-e-type=\"container\" data-settings=\"{&quot;background_background&quot;:&quot;classic&quot;}\">\n\t\t\t\t\t<div class=\"e-con-inner\">\n\t\t<div class=\"elementor-element elementor-element-76abee2 e-con-full e-flex e-con e-child\" data-id=\"76abee2\" data-element_type=\"container\" data-e-type=\"container\">\n\t\t\t\t<div class=\"elementor-element elementor-element-1804ce0 elementor-widget elementor-widget-heading\" data-id=\"1804ce0\" data-element_type=\"widget\" data-e-type=\"widget\" data-widget_type=\"heading.default\">\n\t\t\t\t<div class=\"elementor-widget-container\">\n\t\t\t\t\t<h1 class=\"elementor-heading-title elementor-size-default\">Contact<\/h1>\t\t\t\t<\/div>\n\t\t\t\t<\/div>\n\t\t\t\t<div class=\"elementor-element elementor-element-fdcc063 elementor-position-inline-start elementor-view-stacked elementor-shape-circle elementor-mobile-position-block-start elementor-widget elementor-widget-icon-box\" data-id=\"fdcc063\" data-element_type=\"widget\" data-e-type=\"widget\" data-widget_type=\"icon-box.default\">\n\t\t\t\t<div class=\"elementor-widget-container\">\n\t\t\t\t\t\t\t<div class=\"elementor-icon-box-wrapper\">\n\n\t\t\t\t\t\t<div class=\"elementor-icon-box-icon\">\n\t\t\t\t<span  class=\"elementor-icon\">\n\t\t\t\t<i aria-hidden=\"true\" class=\"fab fa-whatsapp\"><\/i>\t\t\t\t<\/span>\n\t\t\t<\/div>\n\t\t\t\n\t\t\t\t\t\t<div class=\"elementor-icon-box-content\">\n\n\t\t\t\t\t\t\t\t\t<h6 class=\"elementor-icon-box-title\">\n\t\t\t\t\t\t<span  >\n\t\t\t\t\t\t\tWhatsapp\t\t\t\t\t\t<\/span>\n\t\t\t\t\t<\/h6>\n\t\t\t\t\n\t\t\t\t\t\t\t\t\t<p class=\"elementor-icon-box-description\">\n\t\t\t\t\t\t+262 639 67 97 20\t\t\t\t\t<\/p>\n\t\t\t\t\n\t\t\t<\/div>\n\t\t\t\n\t\t<\/div>\n\t\t\t\t\t\t<\/div>\n\t\t\t\t<\/div>\n\t\t\t\t<div class=\"elementor-element elementor-element-f4c4909 elementor-position-inline-start elementor-view-default elementor-mobile-position-block-start elementor-widget elementor-widget-icon-box\" data-id=\"f4c4909\" data-element_type=\"widget\" data-e-type=\"widget\" data-widget_type=\"icon-box.default\">\n\t\t\t\t<div class=\"elementor-widget-container\">\n\t\t\t\t\t\t\t<div class=\"elementor-icon-box-wrapper\">\n\n\t\t\t\t\t\t<div class=\"elementor-icon-box-icon\">\n\t\t\t\t<span  class=\"elementor-icon\">\n\t\t\t\t<i aria-hidden=\"true\" class=\"fas fa-envelope\"><\/i>\t\t\t\t<\/span>\n\t\t\t<\/div>\n\t\t\t\n\t\t\t\t\t\t<div class=\"elementor-icon-box-content\">\n\n\t\t\t\t\t\t\t\t\t<h6 class=\"elementor-icon-box-title\">\n\t\t\t\t\t\t<span  >\n\t\t\t\t\t\t\tEmail\t\t\t\t\t\t<\/span>\n\t\t\t\t\t<\/h6>\n\t\t\t\t\n\t\t\t\t\t\t\t\t\t<p class=\"elementor-icon-box-description\">\n\t\t\t\t\t\tcontact@moustanir.com\t\t\t\t\t<\/p>\n\t\t\t\t\n\t\t\t<\/div>\n\t\t\t\n\t\t<\/div>\n\t\t\t\t\t\t<\/div>\n\t\t\t\t<\/div>\n\t\t<div class=\"elementor-element elementor-element-ba2736c e-con-full e-flex e-con e-child\" data-id=\"ba2736c\" data-element_type=\"container\" data-e-type=\"container\">\n\t\t\t\t<\/div>\n\t\t\t\t<\/div>\n\t\t<div class=\"elementor-element elementor-element-2dc04e6 e-con-full e-flex e-con e-child\" data-id=\"2dc04e6\" data-element_type=\"container\" data-e-type=\"container\" data-settings=\"{&quot;background_background&quot;:&quot;classic&quot;}\">\n\t\t\t\t<\/div>\n\t\t\t\t\t<\/div>\n\t\t\t\t<\/div>\n\t\t<div class=\"elementor-element elementor-element-dd4cbc7 e-flex e-con-boxed e-con e-parent\" data-id=\"dd4cbc7\" data-element_type=\"container\" data-e-type=\"container\">\n\t\t\t\t\t<div class=\"e-con-inner\">\n\t\t<div class=\"elementor-element elementor-element-4e2530f e-con-full e-flex e-con e-child\" data-id=\"4e2530f\" data-element_type=\"container\" data-e-type=\"container\">\n\t\t\t\t<div class=\"elementor-element elementor-element-311ddf4 elementor-widget elementor-widget-image\" data-id=\"311ddf4\" data-element_type=\"widget\" data-e-type=\"widget\" data-widget_type=\"image.default\">\n\t\t\t\t<div class=\"elementor-widget-container\">\n\t\t\t\t\t\t\t\t\t\t\t\t\t\t\t<img fetchpriority=\"high\" decoding=\"async\" width=\"1024\" height=\"576\" src=\"https:\/\/moustanir.com\/wp-content\/uploads\/2025\/02\/20180213_155423-1024x576.jpg\" class=\"attachment-large size-large wp-image-1698\" alt=\"\" srcset=\"https:\/\/moustanir.com\/wp-content\/uploads\/2025\/02\/20180213_155423-1024x576.jpg 1024w, https:\/\/moustanir.com\/wp-content\/uploads\/2025\/02\/20180213_155423-scaled-600x338.jpg 600w, https:\/\/moustanir.com\/wp-content\/uploads\/2025\/02\/20180213_155423-300x169.jpg 300w, https:\/\/moustanir.com\/wp-content\/uploads\/2025\/02\/20180213_155423-768x432.jpg 768w, https:\/\/moustanir.com\/wp-content\/uploads\/2025\/02\/20180213_155423-1536x864.jpg 1536w, https:\/\/moustanir.com\/wp-content\/uploads\/2025\/02\/20180213_155423-2048x1152.jpg 2048w, https:\/\/moustanir.com\/wp-content\/uploads\/2025\/02\/20180213_155423-1320x743.jpg 1320w\" sizes=\"(max-width: 1024px) 100vw, 1024px\" \/>\t\t\t\t\t\t\t\t\t\t\t\t\t\t\t<\/div>\n\t\t\t\t<\/div>\n\t\t\t\t<\/div>\n\t\t<div class=\"elementor-element elementor-element-5ed4ea4 e-con-full e-flex e-con e-child\" data-id=\"5ed4ea4\" data-element_type=\"container\" data-e-type=\"container\">\n\t\t<div class=\"elementor-element elementor-element-35c602b e-con-full e-flex e-con e-child\" data-id=\"35c602b\" data-element_type=\"container\" data-e-type=\"container\">\n\t\t\t\t<div class=\"elementor-element elementor-element-97ae3bf elementor-widget elementor-widget-heading\" data-id=\"97ae3bf\" data-element_type=\"widget\" data-e-type=\"widget\" data-widget_type=\"heading.default\">\n\t\t\t\t<div class=\"elementor-widget-container\">\n\t\t\t\t\t<h2 class=\"elementor-heading-title elementor-size-default\">Travaillons Ensemble<\/h2>\t\t\t\t<\/div>\n\t\t\t\t<\/div>\n\t\t\t\t<div class=\"elementor-element elementor-element-c1f31ec elementor-widget elementor-widget-text-editor\" data-id=\"c1f31ec\" data-element_type=\"widget\" data-e-type=\"widget\" data-widget_type=\"text-editor.default\">\n\t\t\t\t<div class=\"elementor-widget-container\">\n\t\t\t\t\t\t\t\t\t<p class=\"p1\">Titulaire d\u2019un <span class=\"s1\"><b>dipl\u00f4me de Technicien Sup\u00e9rieur en Audiovisuel de l\u2019INA (Institut National de l\u2019Audiovisuel)<\/b><\/span>, j\u2019ai acquis une solide formation technique, compl\u00e9t\u00e9e par plusieurs ann\u00e9es d\u2019<span class=\"s1\"><b>exp\u00e9rience terrain<\/b><\/span> dans les m\u00e9dias, la communication digitale et la formation.<\/p><p class=\"p3\"><span class=\"s2\">\u00a0<\/span><b>Vous recherchez un collaborateur ?<\/b><b><\/b><\/p><p class=\"p1\">\u00a0<span class=\"s1\"><b>Salari\u00e9<\/b><\/span> : Je suis ouvert \u00e0 int\u00e9grer une \u00e9quipe et mettre mon savoir-faire au service d\u2019une entreprise.<\/p><p class=\"p1\">\u00a0<span class=\"s1\"><b>Freelance<\/b><\/span> : Disponible pour des missions ponctuelles en fonction de vos besoins.<\/p><p class=\"p1\">\u00a0<span class=\"s1\"><b>Prestataire ind\u00e9pendant<\/b><\/span> : Je vous accompagne sur des projets en <span class=\"s1\"><b>audiovisuel, digital ou formation<\/b><\/span>, avec une approche flexible et adapt\u00e9e.<\/p><p class=\"p1\">\u00a0<span class=\"s1\"><b>N\u2019h\u00e9sitez pas \u00e0 me contacter<\/b><\/span> pour en discuter et voir comment nous pouvons collaborer ensemble.<\/p>\t\t\t\t\t\t\t\t<\/div>\n\t\t\t\t<\/div>\n\t\t\t\t<\/div>\n\t\t\t\t<\/div>\n\t\t\t\t\t<\/div>\n\t\t\t\t<\/div>\n\t\t<div class=\"elementor-element elementor-element-da1e724 e-flex e-con-boxed e-con e-parent\" data-id=\"da1e724\" data-element_type=\"container\" data-e-type=\"container\">\n\t\t\t\t\t<div class=\"e-con-inner\">\n\t\t<div class=\"elementor-element elementor-element-6e7a306 e-con-full e-flex e-con e-child\" data-id=\"6e7a306\" data-element_type=\"container\" data-e-type=\"container\">\n\t\t\t\t<div class=\"elementor-element elementor-element-c8c89af elementor-widget elementor-widget-image\" data-id=\"c8c89af\" data-element_type=\"widget\" data-e-type=\"widget\" data-widget_type=\"image.default\">\n\t\t\t\t<div class=\"elementor-widget-container\">\n\t\t\t\t\t\t\t\t\t\t\t\t\t\t\t<img decoding=\"async\" width=\"2133\" height=\"2061\" data-src=\"https:\/\/moustanir.com\/wp-content\/uploads\/2025\/02\/Logo_Moustanir_MOI_HighPX.png\" class=\"attachment-full size-full wp-image-2127 lazyload\" alt=\"\" data-srcset=\"https:\/\/moustanir.com\/wp-content\/uploads\/2025\/02\/Logo_Moustanir_MOI_HighPX.png 2133w, https:\/\/moustanir.com\/wp-content\/uploads\/2025\/02\/Logo_Moustanir_MOI_HighPX-300x290.png 300w, https:\/\/moustanir.com\/wp-content\/uploads\/2025\/02\/Logo_Moustanir_MOI_HighPX-1024x989.png 1024w, https:\/\/moustanir.com\/wp-content\/uploads\/2025\/02\/Logo_Moustanir_MOI_HighPX-768x742.png 768w, https:\/\/moustanir.com\/wp-content\/uploads\/2025\/02\/Logo_Moustanir_MOI_HighPX-1536x1484.png 1536w, https:\/\/moustanir.com\/wp-content\/uploads\/2025\/02\/Logo_Moustanir_MOI_HighPX-2048x1979.png 2048w, https:\/\/moustanir.com\/wp-content\/uploads\/2025\/02\/Logo_Moustanir_MOI_HighPX-1320x1275.png 1320w, https:\/\/moustanir.com\/wp-content\/uploads\/2025\/02\/Logo_Moustanir_MOI_HighPX-600x580.png 600w\" data-sizes=\"(max-width: 2133px) 100vw, 2133px\" src=\"data:image\/gif;base64,R0lGODlhAQABAAAAACH5BAEKAAEALAAAAAABAAEAAAICTAEAOw==\" style=\"--smush-placeholder-width: 2133px; --smush-placeholder-aspect-ratio: 2133\/2061;\" \/>\t\t\t\t\t\t\t\t\t\t\t\t\t\t\t<\/div>\n\t\t\t\t<\/div>\n\t\t\t\t<div class=\"elementor-element elementor-element-fb9476b elementor-align-center elementor-widget elementor-widget-button\" data-id=\"fb9476b\" data-element_type=\"widget\" data-e-type=\"widget\" data-widget_type=\"button.default\">\n\t\t\t\t<div class=\"elementor-widget-container\">\n\t\t\t\t\t\t\t\t\t<div class=\"elementor-button-wrapper\">\n\t\t\t\t\t<a class=\"elementor-button elementor-button-link elementor-size-sm\" href=\"https:\/\/moustanir.com\/salarie\/\">\n\t\t\t\t\t\t<span class=\"elementor-button-content-wrapper\">\n\t\t\t\t\t\t\t\t\t<span class=\"elementor-button-text\">vous recherchez un salari\u00e9<\/span>\n\t\t\t\t\t<\/span>\n\t\t\t\t\t<\/a>\n\t\t\t\t<\/div>\n\t\t\t\t\t\t\t\t<\/div>\n\t\t\t\t<\/div>\n\t\t\t\t<\/div>\n\t\t<div class=\"elementor-element elementor-element-b72fc02 e-con-full e-flex e-con e-child\" data-id=\"b72fc02\" data-element_type=\"container\" data-e-type=\"container\">\n\t\t\t\t<div class=\"elementor-element elementor-element-9dbb608 elementor-widget elementor-widget-image\" data-id=\"9dbb608\" data-element_type=\"widget\" data-e-type=\"widget\" data-widget_type=\"image.default\">\n\t\t\t\t<div class=\"elementor-widget-container\">\n\t\t\t\t\t\t\t\t\t\t\t\t\t\t\t<img decoding=\"async\" width=\"1024\" height=\"594\" data-src=\"https:\/\/moustanir.com\/wp-content\/uploads\/2025\/02\/Logo_MoonStars_Perso_NoBG-1024x594.png\" class=\"attachment-large size-large wp-image-1944 lazyload\" alt=\"\" data-srcset=\"https:\/\/moustanir.com\/wp-content\/uploads\/2025\/02\/Logo_MoonStars_Perso_NoBG-1024x594.png 1024w, https:\/\/moustanir.com\/wp-content\/uploads\/2025\/02\/Logo_MoonStars_Perso_NoBG-300x174.png 300w, https:\/\/moustanir.com\/wp-content\/uploads\/2025\/02\/Logo_MoonStars_Perso_NoBG-768x446.png 768w, https:\/\/moustanir.com\/wp-content\/uploads\/2025\/02\/Logo_MoonStars_Perso_NoBG-1536x891.png 1536w, https:\/\/moustanir.com\/wp-content\/uploads\/2025\/02\/Logo_MoonStars_Perso_NoBG-2048x1188.png 2048w, https:\/\/moustanir.com\/wp-content\/uploads\/2025\/02\/Logo_MoonStars_Perso_NoBG-1320x766.png 1320w, https:\/\/moustanir.com\/wp-content\/uploads\/2025\/02\/Logo_MoonStars_Perso_NoBG-600x348.png 600w\" data-sizes=\"(max-width: 1024px) 100vw, 1024px\" src=\"data:image\/gif;base64,R0lGODlhAQABAAAAACH5BAEKAAEALAAAAAABAAEAAAICTAEAOw==\" style=\"--smush-placeholder-width: 1024px; --smush-placeholder-aspect-ratio: 1024\/594;\" \/>\t\t\t\t\t\t\t\t\t\t\t\t\t\t\t<\/div>\n\t\t\t\t<\/div>\n\t\t\t\t<div class=\"elementor-element elementor-element-f604dbf elementor-align-center elementor-widget elementor-widget-button\" data-id=\"f604dbf\" data-element_type=\"widget\" data-e-type=\"widget\" data-widget_type=\"button.default\">\n\t\t\t\t<div class=\"elementor-widget-container\">\n\t\t\t\t\t\t\t\t\t<div class=\"elementor-button-wrapper\">\n\t\t\t\t\t<a class=\"elementor-button elementor-button-link elementor-size-sm\" href=\"https:\/\/moonstars.yt\/contact\/\" target=\"_blank\" rel=\"noopener\">\n\t\t\t\t\t\t<span class=\"elementor-button-content-wrapper\">\n\t\t\t\t\t\t\t\t\t<span class=\"elementor-button-text\">vous recherchez un prestataire<\/span>\n\t\t\t\t\t<\/span>\n\t\t\t\t\t<\/a>\n\t\t\t\t<\/div>\n\t\t\t\t\t\t\t\t<\/div>\n\t\t\t\t<\/div>\n\t\t\t\t<\/div>\n\t\t\t\t\t<\/div>\n\t\t\t\t<\/div>\n\t\t\t\t<\/div>\n\t\t","protected":false},"excerpt":{"rendered":"<p>Contact Whatsapp +262 639 67 97 20 Email contact@moustanir.com Travaillons Ensemble Titulaire d\u2019un dipl\u00f4me de Technicien Sup\u00e9rieur en Audiovisuel de l\u2019INA (Institut National de l\u2019Audiovisuel), j\u2019ai acquis une solide formation technique, compl\u00e9t\u00e9e par plusieurs ann\u00e9es d\u2019exp\u00e9rience terrain dans les m\u00e9dias, la communication digitale et la formation. \u00a0Vous recherchez un collaborateur ? \u00a0Salari\u00e9 : Je suis [&hellip;]<\/p>\n","protected":false},"author":2,"featured_media":0,"parent":0,"menu_order":0,"comment_status":"closed","ping_status":"closed","template":"","meta":{"inline_featured_image":false,"site-sidebar-layout":"no-sidebar","site-content-layout":"page-builder","ast-site-content-layout":"","site-content-style":"default","site-sidebar-style":"default","ast-global-header-display":"","ast-banner-title-visibility":"","ast-main-header-display":"","ast-hfb-above-header-display":"","ast-hfb-below-header-display":"","ast-hfb-mobile-header-display":"","site-post-title":"disabled","ast-breadcrumbs-content":"disabled","ast-featured-img":"disabled","footer-sml-layout":"","theme-transparent-header-meta":"enabled","adv-header-id-meta":"","stick-header-meta":"","header-above-stick-meta":"","header-main-stick-meta":"","header-below-stick-meta":"","astra-migrate-meta-layouts":"default","ast-page-background-enabled":"default","ast-page-background-meta":{"desktop":{"background-color":"","background-image":"","background-repeat":"repeat","background-position":"center center","background-size":"auto","background-attachment":"scroll","background-type":"","background-media":"","overlay-type":"","overlay-color":"","overlay-opacity":"","overlay-gradient":""},"tablet":{"background-color":"","background-image":"","background-repeat":"repeat","background-position":"center center","background-size":"auto","background-attachment":"scroll","background-type":"","background-media":"","overlay-type":"","overlay-color":"","overlay-opacity":"","overlay-gradient":""},"mobile":{"background-color":"","background-image":"","background-repeat":"repeat","background-position":"center center","background-size":"auto","background-attachment":"scroll","background-type":"","background-media":"","overlay-type":"","overlay-color":"","overlay-opacity":"","overlay-gradient":""}},"ast-content-background-meta":{"desktop":{"background-color":"var(--ast-global-color-5)","background-image":"","background-repeat":"repeat","background-position":"center center","background-size":"auto","background-attachment":"scroll","background-type":"","background-media":"","overlay-type":"","overlay-color":"","overlay-opacity":"","overlay-gradient":""},"tablet":{"background-color":"var(--ast-global-color-5)","background-image":"","background-repeat":"repeat","background-position":"center center","background-size":"auto","background-attachment":"scroll","background-type":"","background-media":"","overlay-type":"","overlay-color":"","overlay-opacity":"","overlay-gradient":""},"mobile":{"background-color":"var(--ast-global-color-5)","background-image":"","background-repeat":"repeat","background-position":"center center","background-size":"auto","background-attachment":"scroll","background-type":"","background-media":"","overlay-type":"","overlay-color":"","overlay-opacity":"","overlay-gradient":""}},"ngg_post_thumbnail":0,"footnotes":""},"class_list":["post-904","page","type-page","status-publish","hentry"],"_links":{"self":[{"href":"https:\/\/moustanir.com\/fr\/wp-json\/wp\/v2\/pages\/904","targetHints":{"allow":["GET"]}}],"collection":[{"href":"https:\/\/moustanir.com\/fr\/wp-json\/wp\/v2\/pages"}],"about":[{"href":"https:\/\/moustanir.com\/fr\/wp-json\/wp\/v2\/types\/page"}],"author":[{"embeddable":true,"href":"https:\/\/moustanir.com\/fr\/wp-json\/wp\/v2\/users\/2"}],"replies":[{"embeddable":true,"href":"https:\/\/moustanir.com\/fr\/wp-json\/wp\/v2\/comments?post=904"}],"version-history":[{"count":57,"href":"https:\/\/moustanir.com\/fr\/wp-json\/wp\/v2\/pages\/904\/revisions"}],"predecessor-version":[{"id":2488,"href":"https:\/\/moustanir.com\/fr\/wp-json\/wp\/v2\/pages\/904\/revisions\/2488"}],"wp:attachment":[{"href":"https:\/\/moustanir.com\/fr\/wp-json\/wp\/v2\/media?parent=904"}],"curies":[{"name":"wp","href":"https:\/\/api.w.org\/{rel}","templated":true}]}}